{"id":1063,"date":"2023-01-20T19:03:27","date_gmt":"2023-01-20T18:03:27","guid":{"rendered":"http:\/\/agrimedia.fr\/WP\/?page_id=1063"},"modified":"2023-01-21T00:43:40","modified_gmt":"2023-01-20T23:43:40","slug":"formulaire-de-contact-agrimedia-communication","status":"publish","type":"page","link":"https:\/\/agrimedia.fr\/WP\/formulaire-de-contact-agrimedia-communication\/","title":{"rendered":"Formulaire de contact Agrim\u00e9dia Communication"},"content":{"rendered":"<p style=\"text-align: center;\"><style type=\"text\/css\" id=\"cspFormShell_13_659251_style\">#cspFormShell_13_659251 {  \tbackground-image: url(\"https:\/\/agrimedia.fr\/WP\/wp-content\/uploads\/2023\/01\/agricom2-300x234.png\");\n  \tbackground-repeat: no-repeat;\n  \tbackground-size: cover;\/**\/\n\tbackground-position: bottom right;\tfont-family: \"Raleway\", \"Helvetica Neue\", Helvetica, Arial, sans-serif;\n  \tcolor: #FFF;\n  \tfont-size: 14px;\n}\n\n#cspFormShell_13_659251 h3 {\n  \tfont-weight: bold;\n  \tfont-size: 24px;\n  \tmargin-top: 30px;\n  \tmargin-bottom: 15px;\n}\n\n#cspFormShell_13_659251 label {\n  \tfont-weight: bold;\n}\n\n#cspFormShell_13_659251 form {\n  \tpadding: 0 25px 25px;  \tbackground-color:rgba(51,51,51,0.5);}\n#cspFormShell_13_659251 label {\n  \t\/*padding-left: 10px;\/**\/\n  \tcolor: #FFF;\n\twidth: 100%;\n  \tfont-size: 14px;\n}\n\/*Fields shell basic*\/\n#cspFormShell_13_659251 input:not([type=\"checkbox\"]):not([type=\"radio\"]),\n#cspFormShell_13_659251 textarea,\n#cspFormShell_13_659251 .cfsListSelect, \n#cspFormShell_13_659251 .cfsCheck,\n#cspFormShell_13_659251 button {\n  \tborder: 1px solid #FFF;\n  \tcolor: #FFF;\n    padding: 10px;\n    width: 100%;\n    line-height: normal;\n  \tbackground-color: inherit;\n    hyphens: none;\n    border-radius: 4px;\n    margin: 0;\n    max-width: 100%;\n    vertical-align: baseline;\n  \tdisplay: block;\n  \theight: auto;\n}\n#cspFormShell_13_659251 .cfsFieldShell input[type=\"submit\"]:not([type=\"checkbox\"]):not([type=\"radio\"]), \n#cspFormShell_13_659251 .cfsFieldShell input[type=\"reset\"]:not([type=\"checkbox\"]):not([type=\"radio\"]), \n#cspFormShell_13_659251 .cfsFieldShell input[type=\"button\"],\n#cspFormShell_13_659251 .cfsFieldShell button {\n\tcursor: pointer;\n  \tfont-weight: 700;\n    border: 0 none;\n    color: #fff;\n    text-transform: uppercase;\n  \t-webkit-appearance: none;\n}\n#cspFormShell_13_659251 .cfsFieldShell input[type=\"submit\"]:not([type=\"checkbox\"]):not([type=\"radio\"]), \n#cspFormShell_13_659251 .cfsFieldShell input[type=\"button\"],\n#cspFormShell_13_659251 .cfsFieldShell button {  \tbackground-color: #f9690e;\n  \tbackground-image: none;}\n#cspFormShell_13_659251 .cfsFieldShell input[type=\"submit\"]:not([type=\"checkbox\"]):not([type=\"radio\"]):hover, \n#cspFormShell_13_659251 .cfsFieldShell input[type=\"button\"]:hover,\n#cspFormShell_13_659251 .cfsFieldShell button:hover {  \tbackground-color:rgba(249,105,14,0.7);}\n#cspFormShell_13_659251 .cfsFieldShell input[type=\"reset\"]:not([type=\"checkbox\"]):not([type=\"radio\"]) {  \tbackground-color: #dd3333;\n  \tbackground-image: none;}\n#cspFormShell_13_659251 .cfsFieldShell input[type=\"reset\"]:not([type=\"checkbox\"]):not([type=\"radio\"]):hover {  \tbackground-color:rgba(221,51,51,0.7);}\n\n#cspFormShell_13_659251 .g-recaptcha {\n\tmin-height: 60px;\n}\n\n#cspFormShell_13_659251 [type=\"submit\"] {\n  \tmargin-top: 40px !important;\n\twidth: 150px !important;\n  \tfont-size: 24px;\n  \ttext-transform: capitalize !important;\n  \tborder-radius: 25px !important;\n  \tfloat: right;\n}#cspFormShell_13_659251 { width: 100%}#cspFormShell_13_659251 .cfsSuccessMsg { color: #4ae8ea !important}<\/style><div id=\"cspFormShell_13_659251\" class=\"cfsFormShell\"><form class=\"csfForm\" method=\"post\" action=\"https:\/\/agrimedia.fr\/WP\/\">\n<div class=\"supRow cfsFieldsRow\"><div class=\"supSm12 cfsFieldCol\" data-name=\"htmldelim_1\" data-type=\"htmldelim\">Afin de r\u00e9pondre efficacement\u00a0\u00e0 votre demande,\u00a0merci de nous pr\u00e9ciser :\u00a0<\/div><\/div><div class=\"supRow cfsFieldsRow\"><div class=\"supSm6 cfsFieldCol\" data-name=\"Prenom\" data-type=\"text\"><div class=\"cfsFieldShell cfsField_text\" >\n    <label>Votre Pr\u00e9nom<\/label><label><input type=\"text\" name=\"fields[Prenom]\" value=\"\" data-name=\"Prenom\" required  placeholder=\"Information requise\" \/><\/label>\n<\/div><\/div><div class=\"supSm6 cfsFieldCol\" data-name=\"Nom\" data-type=\"text\"><div class=\"cfsFieldShell cfsField_text\" >\n    <label>Votre Nom<\/label><label><input type=\"text\" name=\"fields[Nom]\" value=\"\" data-name=\"Nom\" placeholder=\"Information requise\" \/><\/label>\n<\/div><\/div><\/div><div class=\"supRow cfsFieldsRow\"><div class=\"supSm12 cfsFieldCol\" data-name=\"Tel\" data-type=\"text\"><div class=\"cfsFieldShell cfsField_text\" >\n    <label>T\u00e9l :<\/label><label><input type=\"text\" name=\"fields[Tel]\" value=\"\" data-name=\"Tel\" placeholder=\"Votre num\u00e9ro de t\u00e9l\u00e9phone\" \/><\/label>\n<\/div><\/div><\/div><div class=\"supRow cfsFieldsRow\"><div class=\"supSm12 cfsFieldCol\" data-name=\"email\" data-type=\"email\"><div class=\"cfsFieldShell cfsField_email\" >\n    <label>Email<\/label><label><input type=\"email\" name=\"fields[email]\" value=\"\" data-name=\"email\" required  placeholder=\"Information requise\" \/><\/label>\n<\/div><\/div><\/div><div class=\"supRow cfsFieldsRow\"><div class=\"supSm12 cfsFieldCol\" data-name=\"message\" data-type=\"textarea\"><div class=\"cfsFieldShell cfsField_textarea\" >\n    <label>Message<\/label><label><textarea name=\"fields[message]\" data-name=\"message\" required  placeholder=\"Information requise\" supRows=\"3\" cols=\"50\"><\/textarea><\/label>\n<\/div><\/div><\/div><div class=\"supRow cfsFieldsRow\"><div class=\"supSm12 cfsFieldCol\" data-name=\"formaconti\" data-type=\"checkboxlist\"><div class=\"cfsFieldShell cfsField_checkboxlist\" >\n    <label>Vous avez besoin :<\/label><label><span class=\"cfsListSelect\"><table class=\"cfsCheckTbl\"><tr><td><input type=\"checkbox\" name=\"fields[formaconti][]\" value=\"n\u00b01\" data-name=\"formaconti\" id=\"cfsCheckRandId_23375\"  \/><\/td><td><label for=\"cfsCheckRandId_23375\">d\u2019un conseil en communication<\/label><\/td><\/tr><tr><td><input type=\"checkbox\" name=\"fields[formaconti][]\" value=\"n\u00b02\" data-name=\"formaconti\" id=\"cfsCheckRandId_48415\"  \/><\/td><td><label for=\"cfsCheckRandId_48415\">d\u2019une identit\u00e9 visuelle<\/label><\/td><\/tr><tr><td><input type=\"checkbox\" name=\"fields[formaconti][]\" value=\"n\u00b03\" data-name=\"formaconti\" id=\"cfsCheckRandId_79691\"  \/><\/td><td><label for=\"cfsCheckRandId_79691\">d\u2019un support graphique<\/label><\/td><\/tr><tr><td><input type=\"checkbox\" name=\"fields[formaconti][]\" value=\"n\u00b04\" data-name=\"formaconti\" id=\"cfsCheckRandId_80122\"  \/><\/td><td><label for=\"cfsCheckRandId_80122\">d\u2019un journal d\u2019entreprise<\/label><\/td><\/tr><tr><td><input type=\"checkbox\" name=\"fields[formaconti][]\" value=\"n\u00b05\" data-name=\"formaconti\" id=\"cfsCheckRandId_50478\"  \/><\/td><td><label for=\"cfsCheckRandId_50478\">d\u2019un r\u00e9dactionnel<\/label><\/td><\/tr><tr><td><input type=\"checkbox\" name=\"fields[formaconti][]\" value=\"n\u00b06\" data-name=\"formaconti\" id=\"cfsCheckRandId_51884\"  \/><\/td><td><label for=\"cfsCheckRandId_51884\">d\u2019un soutien relations presse<\/label><\/td><\/tr><tr><td><input type=\"checkbox\" name=\"fields[formaconti][]\" value=\"n\u00b010\" data-name=\"formaconti\" id=\"cfsCheckRandId_52751\"  \/><\/td><td><label for=\"cfsCheckRandId_52751\">que l'on vous appelle directement<\/label><\/td><\/tr><\/table><\/span><\/label>\n<\/div><\/div><\/div><div class=\"supRow cfsFieldsRow\"><div class=\"supSm6 cfsFieldCol\" data-name=\"capcha\" data-type=\"recaptcha\"><div class=\"cfsFieldShell cfsField_recaptcha\" >\n    <label>reCAPTCHA<\/label><label><div class=\"g-recaptcha\" data-sitekey=\"6LdAIQ8UAAAAAMDwneZoF3bvRCTKgzf0eNRCe38L\" data-theme=\"light\" data-type=\"audio\" data-size=\"normal\" ><\/div><\/label>\n<\/div><\/div><div class=\"supSm6 cfsFieldCol\" data-name=\"Envoyer\" data-type=\"submit\"><div class=\"cfsFieldShell cfsField_submit\" >\n    <label><\/label><input type=\"submit\" name=\"fields[Envoyer]\" value=\"Envoyer\" data-name=\"Envoyer\" \/>\n<\/div><\/div><\/div>\n<input type=\"hidden\" name=\"mod\" value=\"forms\"  \/><input type=\"hidden\" name=\"action\" value=\"contact\"  \/><input type=\"hidden\" name=\"id\" value=\"13\"  \/><input type=\"hidden\" name=\"_wpnonce\" value=\"4c30b75d4c\"  \/><div class=\"cfsContactMsg\"><\/div><\/form><img decoding=\"async\" class=\"cfsFormPreloadImg cfsFormPreloadImg_13_659251\" src=\"https:\/\/agrimedia.fr\/WP\/wp-content\/uploads\/2023\/01\/agricom2-300x234.png\" \/><\/div><span style=\"display: none !important;\" class=\"cfsFormDesc\">eyJpZCI6IjEzIiwibGFiZWwiOiJBZ3JpbWVkaWEgQ29tbXVuaWNhdGlvbiIsImFjdGl2ZSI6IjEiLCJvcmlnaW5hbF9pZCI6IjUiLCJ1bmlxdWVfaWQiOiJic28xNWkiLCJwYXJhbXMiOnsiZW5hYmxlRm9yTWVtYmVyc2hpcCI6IjAiLCJ0cGwiOnsid2lkdGgiOiIxMDAiLCJ3aWR0aF9tZWFzdXJlIjoiJSIsImJnX3R5cGVfMCI6ImltZyIsImJnX2ltZ18wIjoiaHR0cHM6XC9cL2FncmltZWRpYS5mclwvV1BcL3dwLWNvbnRlbnRcL3VwbG9hZHNcLzIwMjNcLzAxXC9hZ3JpY29tMi0zMDB4MjM0LnBuZyIsImJnX2NvbG9yXzAiOiIjMzMzMzMzIiwiYmdfdHlwZV8xIjoiY29sb3IiLCJiZ19pbWdfMSI6IiIsImJnX2NvbG9yXzEiOiIjMzMzMzMzIiwiYmdfdHlwZV8yIjoiY29sb3IiLCJiZ19pbWdfMiI6IiIsImJnX2NvbG9yXzIiOiIjZjk2OTBlIiwiYmdfdHlwZV8zIjoiY29sb3IiLCJiZ19pbWdfMyI6IiIsImJnX2NvbG9yXzMiOiIjZGQzMzMzIiwiZmllbGRfZXJyb3JfaW52YWxpZCI6IiIsImZvcm1fc2VudF9tc2ciOiJNZXJjaSwgdm90cmUgbWFpbCBlc3QgYmllbiBwYXJ0aS4gTm91cyB2b3VzIGNvbnRhY3Rlcm9ucyBkYW5zIGxlcyBwbHVzIGJyZWZzIGRcdTAwZTlsYWlzLiIsImZvcm1fc2VudF9tc2dfY29sb3IiOiIjNGFlOGVhIiwiaGlkZV9vbl9zdWJtaXQiOiIxIiwicmVkaXJlY3Rfb25fc3VibWl0IjoiaHR0cDpcL1wvYWdyaW1lZGlhLmZyXC9pbmRleC5waHAiLCJyZWRpcmVjdF9vbl9zdWJtaXRfbmV3X3duZCI6IjEiLCJ0ZXN0X2VtYWlsIjoibHJvdWFuLmFncmltZWRpYUB3YW5hZG9vLmZyIiwic2F2ZV9jb250YWN0cyI6IjEiLCJleHBfZGVsaW0iOiI7IiwiZmJfY29udmVydF9iYXNlIjoiIiwiZmllbGRfd3JhcHBlciI6IjxkaXYgZmllbGRfc2hlbGxfY2xhc3NlcyBmaWVsZF9zaGVsbF9zdHlsZXM+XHJcbiAgICA8bGFiZWw+W2xhYmVsXTxcL2xhYmVsPltmaWVsZF1cclxuPFwvZGl2PiJ9LCJmaWVsZHMiOlt7ImJzX2NsYXNzX2lkIjoiMTIiLCJuYW1lIjoiIiwibGFiZWwiOiIiLCJwbGFjZWhvbGRlciI6IiIsInZhbHVlIjoiQWZpbiBkZSByXHUwMGU5cG9uZHJlIGVmZmljYWNlbWVudFx1MDBhMFx1MDBlMCB2b3RyZSBkZW1hbmRlLFx1MDBhMG1lcmNpIGRlIG5vdXMgcHJcdTAwZTljaXNlciA6XHUwMGEwIiwiaHRtbCI6Imh0bWxkZWxpbSIsIm1hbmRhdG9yeSI6IjAiLCJhZGRfY2xhc3NlcyI6IiIsImFkZF9zdHlsZXMiOiIiLCJhZGRfYXR0ciI6IiJ9LHsiYnNfY2xhc3NfaWQiOiI2IiwibmFtZSI6IlByZW5vbSIsImxhYmVsIjoiVm90cmUgUHJcdTAwZTlub20iLCJwbGFjZWhvbGRlciI6IkluZm9ybWF0aW9uIHJlcXVpc2UiLCJ2YWx1ZSI6IiIsInZhbHVlX3ByZXNldCI6IiIsImh0bWwiOiJ0ZXh0IiwibWFuZGF0b3J5IjoiMSIsIm1pbl9zaXplIjoiIiwibWF4X3NpemUiOiIiLCJhZGRfY2xhc3NlcyI6IiIsImFkZF9zdHlsZXMiOiIiLCJhZGRfYXR0ciI6IiIsInZuX29ubHlfbnVtYmVyIjoiMCIsInZuX29ubHlfbGV0dGVycyI6IjAiLCJ2bl9wYXR0ZXJuIjoiMCIsInZuX2VxdWFsIjoiIn0seyJic19jbGFzc19pZCI6IjYiLCJuYW1lIjoiTm9tIiwibGFiZWwiOiJWb3RyZSBOb20iLCJwbGFjZWhvbGRlciI6IkluZm9ybWF0aW9uIHJlcXVpc2UiLCJ2YWx1ZSI6IiIsInZhbHVlX3ByZXNldCI6IiIsImh0bWwiOiJ0ZXh0IiwibWFuZGF0b3J5IjoiMCIsIm1pbl9zaXplIjoiIiwibWF4X3NpemUiOiIiLCJhZGRfY2xhc3NlcyI6IiIsImFkZF9zdHlsZXMiOiIiLCJhZGRfYXR0ciI6IiIsInZuX29ubHlfbnVtYmVyIjoiMCIsInZuX29ubHlfbGV0dGVycyI6IjAiLCJ2bl9wYXR0ZXJuIjoiMCIsInZuX2VxdWFsIjoiIn0seyJic19jbGFzc19pZCI6IjEyIiwibmFtZSI6IlRlbCIsImxhYmVsIjoiVFx1MDBlOWwgOiIsInBsYWNlaG9sZGVyIjoiVm90cmUgbnVtXHUwMGU5cm8gZGUgdFx1MDBlOWxcdTAwZTlwaG9uZSIsInZhbHVlIjoiIiwidmFsdWVfcHJlc2V0IjoiIiwiaHRtbCI6InRleHQiLCJtYW5kYXRvcnkiOiIwIiwibWluX3NpemUiOiIiLCJtYXhfc2l6ZSI6IiIsImFkZF9jbGFzc2VzIjoiIiwiYWRkX3N0eWxlcyI6IiIsImFkZF9hdHRyIjoiIiwidm5fb25seV9udW1iZXIiOiIwIiwidm5fb25seV9sZXR0ZXJzIjoiMCIsInZuX3BhdHRlcm4iOiIiLCJ2bl9lcXVhbCI6IiIsImljb25fY2xhc3MiOiIiLCJpY29uX3NpemUiOiIiLCJpY29uX2NvbG9yIjoiIiwidGVybXMiOiIifSx7ImJzX2NsYXNzX2lkIjoiMTIiLCJuYW1lIjoiZW1haWwiLCJsYWJlbCI6IkVtYWlsIiwicGxhY2Vob2xkZXIiOiJJbmZvcm1hdGlvbiByZXF1aXNlIiwidmFsdWUiOiIiLCJ2YWx1ZV9wcmVzZXQiOiIiLCJodG1sIjoiZW1haWwiLCJtYW5kYXRvcnkiOiIxIiwibWluX3NpemUiOiIiLCJtYXhfc2l6ZSI6IiIsImFkZF9jbGFzc2VzIjoiIiwiYWRkX3N0eWxlcyI6IiIsImFkZF9hdHRyIjoiIiwidm5fb25seV9udW1iZXIiOiIwIiwidm5fb25seV9sZXR0ZXJzIjoiMCIsInZuX3BhdHRlcm4iOiIwIiwidm5fZXF1YWwiOiIifSx7ImJzX2NsYXNzX2lkIjoiMTIiLCJuYW1lIjoibWVzc2FnZSIsImxhYmVsIjoiTWVzc2FnZSIsInBsYWNlaG9sZGVyIjoiSW5mb3JtYXRpb24gcmVxdWlzZSIsInZhbHVlIjoiIiwidmFsdWVfcHJlc2V0IjoiIiwiaHRtbCI6InRleHRhcmVhIiwibWFuZGF0b3J5IjoiMSIsIm1pbl9zaXplIjoiIiwibWF4X3NpemUiOiIiLCJhZGRfY2xhc3NlcyI6IiIsImFkZF9zdHlsZXMiOiIiLCJhZGRfYXR0ciI6IiIsInZuX29ubHlfbnVtYmVyIjoiMCIsInZuX29ubHlfbGV0dGVycyI6IjAiLCJ2bl9wYXR0ZXJuIjoiMCIsInZuX2VxdWFsIjoiIn0seyJic19jbGFzc19pZCI6IjEyIiwibmFtZSI6ImZvcm1hY29udGkiLCJsYWJlbCI6IlZvdXMgYXZleiBiZXNvaW4gOiIsInZhbHVlIjoiIiwidmFsdWVfcHJlc2V0IjoiIiwiaHRtbCI6ImNoZWNrYm94bGlzdCIsIm1hbmRhdG9yeSI6IjAiLCJsYWJlbF9kZWxpbSI6IiIsImRpc3BsYXkiOiJjb2wiLCJhZGRfY2xhc3NlcyI6IiIsImFkZF9zdHlsZXMiOiIiLCJhZGRfYXR0ciI6IiIsImljb25fY2xhc3MiOiIiLCJpY29uX3NpemUiOiIiLCJpY29uX2NvbG9yIjoiIiwidGVybXMiOiIiLCJvcHRpb25zIjpbeyJuYW1lIjoiblx1MDBiMDEiLCJsYWJlbCI6ImRcdTIwMTl1biBjb25zZWlsIGVuIGNvbW11bmljYXRpb24ifSx7Im5hbWUiOiJuXHUwMGIwMiIsImxhYmVsIjoiZFx1MjAxOXVuZSBpZGVudGl0XHUwMGU5IHZpc3VlbGxlIn0seyJuYW1lIjoiblx1MDBiMDMiLCJsYWJlbCI6ImRcdTIwMTl1biBzdXBwb3J0IGdyYXBoaXF1ZSJ9LHsibmFtZSI6Im5cdTAwYjA0IiwibGFiZWwiOiJkXHUyMDE5dW4gam91cm5hbCBkXHUyMDE5ZW50cmVwcmlzZSJ9LHsibmFtZSI6Im5cdTAwYjA1IiwibGFiZWwiOiJkXHUyMDE5dW4gclx1MDBlOWRhY3Rpb25uZWwifSx7Im5hbWUiOiJuXHUwMGIwNiIsImxhYmVsIjoiZFx1MjAxOXVuIHNvdXRpZW4gcmVsYXRpb25zIHByZXNzZSJ9LHsibmFtZSI6Im5cdTAwYjAxMCIsImxhYmVsIjoicXVlIGwnb24gdm91cyBhcHBlbGxlIGRpcmVjdGVtZW50In1dfSx7ImJzX2NsYXNzX2lkIjoiNiIsIm5hbWUiOiJjYXBjaGEiLCJsYWJlbCI6InJlQ0FQVENIQSIsImh0bWwiOiJyZWNhcHRjaGEiLCJyZWNhcC10aGVtZSI6ImxpZ2h0IiwicmVjYXAtdHlwZSI6ImF1ZGlvIiwicmVjYXAtc2l6ZSI6Im5vcm1hbCJ9LHsiYnNfY2xhc3NfaWQiOiI2IiwibmFtZSI6IkVudm95ZXIiLCJsYWJlbCI6IkVudm95ZXIiLCJodG1sIjoic3VibWl0IiwiYWRkX2NsYXNzZXMiOiIiLCJhZGRfc3R5bGVzIjoiIiwiYWRkX2F0dHIiOiIifV0sIm9wdHNfYXR0cnMiOnsiYmdfbnVtYmVyIjoiNCJ9fSwiaW1nX3ByZXZpZXciOiJ0ZWEtdGltZS5wbmciLCJ2aWV3cyI6IjI4NyIsInVuaXF1ZV92aWV3cyI6IjIzNiIsImFjdGlvbnMiOiIyOCIsInNvcnRfb3JkZXIiOiIxMCIsImlzX3BybyI6IjAiLCJhYl9pZCI6IjAiLCJkYXRlX2NyZWF0ZWQiOiIyMDIzLTAxLTIwIDE4OjM5OjI5IiwiaW1nX3ByZXZpZXdfdXJsIjoiaHR0cHM6XC9cL2FncmltZWRpYS5mclwvV1BcL3dwLWNvbnRlbnRcL3BsdWdpbnNcL2NvbnRhY3QtZm9ybS1ieS1zdXBzeXN0aWNcL2Fzc2V0c1wvZm9ybXNcL2ltZ1wvcHJldmlld1wvdGVhLXRpbWUucG5nIiwidmlld19pZCI6IjEzXzY1OTI1MSIsInZpZXdfaHRtbF9pZCI6ImNzcEZvcm1TaGVsbF8xM182NTkyNTEiLCJjb25uZWN0X2hhc2giOiI0ZWVhMzgyODMwMmMzYjdkMDIzZmZiYWE5YTU4MTI0MCJ9<\/span><\/p>\n\n\n<p><h1 class=\"post-title\">Formulaire de contact Agrim\u00e9dia Communication<\/h1>\n<p><iframe loading=\"lazy\" style=\"border: 0;\" src=\"https:\/\/www.google.com\/maps\/embed?pb=!1m14!1m8!1m3!1d5656.951081851254!2d0.47640000000000004!3d44.852613!3m2!1i1024!2i768!4f13.1!3m3!1m2!1s0x0%3A0x428a4f9f1be3978f!2sAgrim%C3%A9dia!5e0!3m2!1sfr!2sfr!4v1481897206724\" width=\"100%\" height=\"400\" frameborder=\"0\" allowfullscreen=\"allowfullscreen\"><\/iframe><\/p><\/p>\n\n\n\n<h3 class=\"has-text-align-center wp-block-heading\">ADRESSE DE CONTACT<\/h3>\n\n\n\n<h3 class=\"has-text-align-center wp-block-heading\">Agrim\u00e9dia &#8211;&nbsp;Place Maurice Loupias &#8211; BP 508<br>24105 Bergerac cedex<\/h3>\n\n\n\n<h3 class=\"has-text-align-center wp-block-heading\">T\u00e9l : 05 53 61 65 88<\/h3>\n\n\n\n<h4 class=\"wp-block-heading\">&nbsp;<\/h4>\n\n\n\n<p><\/p>\n","protected":false},"excerpt":{"rendered":"<p style=\"text-align: center;\">\n<p>Formulaire de contact Agrim\u00e9dia Communication\n<\/p>\n<\/p>\n<p>ADRESSE DE CONTACT<\/p>\n<p>Agrim\u00e9dia &#8211;&nbsp;Place Maurice Loupias &#8211; BP 508<br \/>24105 Bergerac cedex<\/p>\n<p>T\u00e9l : 05 53 61 65 88<\/p>\n<p>&nbsp;<\/p>\n<p><span class=\"ellipsis\">&hellip;<\/span><\/p>\n<div class=\"read-more\"><a href=\"https:\/\/agrimedia.fr\/WP\/formulaire-de-contact-agrimedia-communication\/\">Lire la suite &#8250;<\/a><\/div>\n<p><!-- end of .read-more --><\/p>\n","protected":false},"author":3,"featured_media":0,"parent":0,"menu_order":0,"comment_status":"closed","ping_status":"closed","template":"landing-page.php","meta":{"footnotes":""},"class_list":["post-1063","page","type-page","status-publish","hentry"],"yoast_head":"<!-- This site is optimized with the Yoast SEO plugin v27.3 - https:\/\/yoast.com\/product\/yoast-seo-wordpress\/ -->\n<title>Formulaire de contact Agrim\u00e9dia Communication - Cr\u00e9er efficience et performance<\/title>\n<meta name=\"robots\" content=\"index, follow, max-snippet:-1, max-image-preview:large, max-video-preview:-1\" \/>\n<link rel=\"canonical\" href=\"https:\/\/agrimedia.fr\/WP\/formulaire-de-contact-agrimedia-communication\/\" \/>\n<meta property=\"og:locale\" content=\"fr_FR\" \/>\n<meta property=\"og:type\" content=\"article\" \/>\n<meta property=\"og:title\" content=\"Formulaire de contact Agrim\u00e9dia Communication - Cr\u00e9er efficience et performance\" \/>\n<meta property=\"og:description\" content=\"Formulaire de contact Agrim\u00e9dia Communication   ADRESSE DE CONTACT  Agrim\u00e9dia &#8211;&nbsp;Place Maurice Loupias &#8211; BP 50824105 Bergerac cedex  T\u00e9l : 05 53 61 65 88  &nbsp;  &hellip;Lire la suite &#8250;\" \/>\n<meta property=\"og:url\" content=\"https:\/\/agrimedia.fr\/WP\/formulaire-de-contact-agrimedia-communication\/\" \/>\n<meta property=\"og:site_name\" content=\"Cr\u00e9er efficience et performance\" \/>\n<meta property=\"article:modified_time\" content=\"2023-01-20T23:43:40+00:00\" \/>\n<meta name=\"twitter:label1\" content=\"Dur\u00e9e de lecture estim\u00e9e\" \/>\n\t<meta name=\"twitter:data1\" content=\"1 minute\" \/>\n<script type=\"application\/ld+json\" class=\"yoast-schema-graph\">{\"@context\":\"https:\\\/\\\/schema.org\",\"@graph\":[{\"@type\":\"WebPage\",\"@id\":\"https:\\\/\\\/agrimedia.fr\\\/WP\\\/formulaire-de-contact-agrimedia-communication\\\/\",\"url\":\"https:\\\/\\\/agrimedia.fr\\\/WP\\\/formulaire-de-contact-agrimedia-communication\\\/\",\"name\":\"Formulaire de contact Agrim\u00e9dia Communication - Cr\u00e9er efficience et performance\",\"isPartOf\":{\"@id\":\"https:\\\/\\\/agrimedia.fr\\\/WP\\\/#website\"},\"datePublished\":\"2023-01-20T18:03:27+00:00\",\"dateModified\":\"2023-01-20T23:43:40+00:00\",\"breadcrumb\":{\"@id\":\"https:\\\/\\\/agrimedia.fr\\\/WP\\\/formulaire-de-contact-agrimedia-communication\\\/#breadcrumb\"},\"inLanguage\":\"fr-FR\",\"potentialAction\":[{\"@type\":\"ReadAction\",\"target\":[\"https:\\\/\\\/agrimedia.fr\\\/WP\\\/formulaire-de-contact-agrimedia-communication\\\/\"]}]},{\"@type\":\"BreadcrumbList\",\"@id\":\"https:\\\/\\\/agrimedia.fr\\\/WP\\\/formulaire-de-contact-agrimedia-communication\\\/#breadcrumb\",\"itemListElement\":[{\"@type\":\"ListItem\",\"position\":1,\"name\":\"Accueil\",\"item\":\"https:\\\/\\\/agrimedia.fr\\\/WP\\\/\"},{\"@type\":\"ListItem\",\"position\":2,\"name\":\"Formulaire de contact Agrim\u00e9dia Communication\"}]},{\"@type\":\"WebSite\",\"@id\":\"https:\\\/\\\/agrimedia.fr\\\/WP\\\/#website\",\"url\":\"https:\\\/\\\/agrimedia.fr\\\/WP\\\/\",\"name\":\"Cr\u00e9er efficience et performance\",\"description\":\"\",\"potentialAction\":[{\"@type\":\"SearchAction\",\"target\":{\"@type\":\"EntryPoint\",\"urlTemplate\":\"https:\\\/\\\/agrimedia.fr\\\/WP\\\/?s={search_term_string}\"},\"query-input\":{\"@type\":\"PropertyValueSpecification\",\"valueRequired\":true,\"valueName\":\"search_term_string\"}}],\"inLanguage\":\"fr-FR\"}]}<\/script>\n<!-- \/ Yoast SEO plugin. -->","yoast_head_json":{"title":"Formulaire de contact Agrim\u00e9dia Communication - Cr\u00e9er efficience et performance","robots":{"index":"index","follow":"follow","max-snippet":"max-snippet:-1","max-image-preview":"max-image-preview:large","max-video-preview":"max-video-preview:-1"},"canonical":"https:\/\/agrimedia.fr\/WP\/formulaire-de-contact-agrimedia-communication\/","og_locale":"fr_FR","og_type":"article","og_title":"Formulaire de contact Agrim\u00e9dia Communication - Cr\u00e9er efficience et performance","og_description":"Formulaire de contact Agrim\u00e9dia Communication   ADRESSE DE CONTACT  Agrim\u00e9dia &#8211;&nbsp;Place Maurice Loupias &#8211; BP 50824105 Bergerac cedex  T\u00e9l : 05 53 61 65 88  &nbsp;  &hellip;Lire la suite &#8250;","og_url":"https:\/\/agrimedia.fr\/WP\/formulaire-de-contact-agrimedia-communication\/","og_site_name":"Cr\u00e9er efficience et performance","article_modified_time":"2023-01-20T23:43:40+00:00","twitter_misc":{"Dur\u00e9e de lecture estim\u00e9e":"1 minute"},"schema":{"@context":"https:\/\/schema.org","@graph":[{"@type":"WebPage","@id":"https:\/\/agrimedia.fr\/WP\/formulaire-de-contact-agrimedia-communication\/","url":"https:\/\/agrimedia.fr\/WP\/formulaire-de-contact-agrimedia-communication\/","name":"Formulaire de contact Agrim\u00e9dia Communication - Cr\u00e9er efficience et performance","isPartOf":{"@id":"https:\/\/agrimedia.fr\/WP\/#website"},"datePublished":"2023-01-20T18:03:27+00:00","dateModified":"2023-01-20T23:43:40+00:00","breadcrumb":{"@id":"https:\/\/agrimedia.fr\/WP\/formulaire-de-contact-agrimedia-communication\/#breadcrumb"},"inLanguage":"fr-FR","potentialAction":[{"@type":"ReadAction","target":["https:\/\/agrimedia.fr\/WP\/formulaire-de-contact-agrimedia-communication\/"]}]},{"@type":"BreadcrumbList","@id":"https:\/\/agrimedia.fr\/WP\/formulaire-de-contact-agrimedia-communication\/#breadcrumb","itemListElement":[{"@type":"ListItem","position":1,"name":"Accueil","item":"https:\/\/agrimedia.fr\/WP\/"},{"@type":"ListItem","position":2,"name":"Formulaire de contact Agrim\u00e9dia Communication"}]},{"@type":"WebSite","@id":"https:\/\/agrimedia.fr\/WP\/#website","url":"https:\/\/agrimedia.fr\/WP\/","name":"Cr\u00e9er efficience et performance","description":"","potentialAction":[{"@type":"SearchAction","target":{"@type":"EntryPoint","urlTemplate":"https:\/\/agrimedia.fr\/WP\/?s={search_term_string}"},"query-input":{"@type":"PropertyValueSpecification","valueRequired":true,"valueName":"search_term_string"}}],"inLanguage":"fr-FR"}]}},"_links":{"self":[{"href":"https:\/\/agrimedia.fr\/WP\/wp-json\/wp\/v2\/pages\/1063","targetHints":{"allow":["GET"]}}],"collection":[{"href":"https:\/\/agrimedia.fr\/WP\/wp-json\/wp\/v2\/pages"}],"about":[{"href":"https:\/\/agrimedia.fr\/WP\/wp-json\/wp\/v2\/types\/page"}],"author":[{"embeddable":true,"href":"https:\/\/agrimedia.fr\/WP\/wp-json\/wp\/v2\/users\/3"}],"replies":[{"embeddable":true,"href":"https:\/\/agrimedia.fr\/WP\/wp-json\/wp\/v2\/comments?post=1063"}],"version-history":[{"count":15,"href":"https:\/\/agrimedia.fr\/WP\/wp-json\/wp\/v2\/pages\/1063\/revisions"}],"predecessor-version":[{"id":1091,"href":"https:\/\/agrimedia.fr\/WP\/wp-json\/wp\/v2\/pages\/1063\/revisions\/1091"}],"wp:attachment":[{"href":"https:\/\/agrimedia.fr\/WP\/wp-json\/wp\/v2\/media?parent=1063"}],"curies":[{"name":"wp","href":"https:\/\/api.w.org\/{rel}","templated":true}]}}