{"id":151,"date":"2016-11-20T22:09:42","date_gmt":"2016-11-20T21:09:42","guid":{"rendered":"http:\/\/agrimedia.fr\/WP\/?page_id=151"},"modified":"2021-11-25T15:40:39","modified_gmt":"2021-11-25T14:40:39","slug":"contact","status":"publish","type":"page","link":"https:\/\/agrimedia.fr\/WP\/contact\/","title":{"rendered":"CONTACT"},"content":{"rendered":"<p style=\"text-align: center;\"><style type=\"text\/css\" id=\"cspFormShell_11_366342_style\">#cspFormShell_11_366342 {  \tbackground-image: url(\"https:\/\/agrimedia.fr\/WP\/wp-content\/uploads\/2016\/12\/SAVpform-2-e1481994026202.jpg\");\n  \tbackground-repeat: no-repeat;\n  \tbackground-size: cover;\/**\/\n\tbackground-position: bottom right;\tfont-family: \"Raleway\", \"Helvetica Neue\", Helvetica, Arial, sans-serif;\n  \tcolor: #FFF;\n  \tfont-size: 14px;\n}\n\n#cspFormShell_11_366342 h3 {\n  \tfont-weight: bold;\n  \tfont-size: 24px;\n  \tmargin-top: 30px;\n  \tmargin-bottom: 15px;\n}\n\n#cspFormShell_11_366342 label {\n  \tfont-weight: bold;\n}\n\n#cspFormShell_11_366342 form {\n  \tpadding: 0 25px 25px;  \tbackground-color:rgba(51,51,51,0.5);}\n#cspFormShell_11_366342 label {\n  \t\/*padding-left: 10px;\/**\/\n  \tcolor: #FFF;\n\twidth: 100%;\n  \tfont-size: 14px;\n}\n\/*Fields shell basic*\/\n#cspFormShell_11_366342 input:not([type=\"checkbox\"]):not([type=\"radio\"]),\n#cspFormShell_11_366342 textarea,\n#cspFormShell_11_366342 .cfsListSelect, \n#cspFormShell_11_366342 .cfsCheck,\n#cspFormShell_11_366342 button {\n  \tborder: 1px solid #FFF;\n  \tcolor: #FFF;\n    padding: 10px;\n    width: 100%;\n    line-height: normal;\n  \tbackground-color: inherit;\n    hyphens: none;\n    border-radius: 4px;\n    margin: 0;\n    max-width: 100%;\n    vertical-align: baseline;\n  \tdisplay: block;\n  \theight: auto;\n}\n#cspFormShell_11_366342 .cfsFieldShell input[type=\"submit\"]:not([type=\"checkbox\"]):not([type=\"radio\"]), \n#cspFormShell_11_366342 .cfsFieldShell input[type=\"reset\"]:not([type=\"checkbox\"]):not([type=\"radio\"]), \n#cspFormShell_11_366342 .cfsFieldShell input[type=\"button\"],\n#cspFormShell_11_366342 .cfsFieldShell button {\n\tcursor: pointer;\n  \tfont-weight: 700;\n    border: 0 none;\n    color: #fff;\n    text-transform: uppercase;\n  \t-webkit-appearance: none;\n}\n#cspFormShell_11_366342 .cfsFieldShell input[type=\"submit\"]:not([type=\"checkbox\"]):not([type=\"radio\"]), \n#cspFormShell_11_366342 .cfsFieldShell input[type=\"button\"],\n#cspFormShell_11_366342 .cfsFieldShell button {  \tbackground-color: #f9690e;\n  \tbackground-image: none;}\n#cspFormShell_11_366342 .cfsFieldShell input[type=\"submit\"]:not([type=\"checkbox\"]):not([type=\"radio\"]):hover, \n#cspFormShell_11_366342 .cfsFieldShell input[type=\"button\"]:hover,\n#cspFormShell_11_366342 .cfsFieldShell button:hover {  \tbackground-color:rgba(249,105,14,0.7);}\n#cspFormShell_11_366342 .cfsFieldShell input[type=\"reset\"]:not([type=\"checkbox\"]):not([type=\"radio\"]) {  \tbackground-color: #dd3333;\n  \tbackground-image: none;}\n#cspFormShell_11_366342 .cfsFieldShell input[type=\"reset\"]:not([type=\"checkbox\"]):not([type=\"radio\"]):hover {  \tbackground-color:rgba(221,51,51,0.7);}\n\n#cspFormShell_11_366342 .g-recaptcha {\n\tmin-height: 60px;\n}\n\n#cspFormShell_11_366342 [type=\"submit\"] {\n  \tmargin-top: 40px !important;\n\twidth: 150px !important;\n  \tfont-size: 24px;\n  \ttext-transform: capitalize !important;\n  \tborder-radius: 25px !important;\n  \tfloat: right;\n}#cspFormShell_11_366342 { width: 100%}#cspFormShell_11_366342 .cfsSuccessMsg { color: #4ae8ea !important}<\/style><div id=\"cspFormShell_11_366342\" class=\"cfsFormShell\"><form class=\"csfForm\" method=\"post\" action=\"https:\/\/agrimedia.fr\/WP\/\">\n<div class=\"supRow cfsFieldsRow\"><div class=\"supSm12 cfsFieldCol\" data-name=\"htmldelim_1\" data-type=\"htmldelim\">Afin de r\u00e9pondre efficacement\u00a0\u00e0 votre demande,\u00a0merci de nous pr\u00e9ciser :\u00a0<\/div><\/div><div class=\"supRow cfsFieldsRow\"><div class=\"supSm6 cfsFieldCol\" data-name=\"Prenom\" data-type=\"text\"><div class=\"cfsFieldShell cfsField_text\" >\n    <label>Votre Pr\u00e9nom<\/label><label><input type=\"text\" name=\"fields[Prenom]\" value=\"\" data-name=\"Prenom\" required  placeholder=\"Information requise\" \/><\/label>\n<\/div><\/div><div class=\"supSm6 cfsFieldCol\" data-name=\"Nom\" data-type=\"text\"><div class=\"cfsFieldShell cfsField_text\" >\n    <label>Votre Nom<\/label><label><input type=\"text\" name=\"fields[Nom]\" value=\"\" data-name=\"Nom\" placeholder=\"Information requise\" \/><\/label>\n<\/div><\/div><\/div><div class=\"supRow cfsFieldsRow\"><div class=\"supSm12 cfsFieldCol\" data-name=\"Tel\" data-type=\"text\"><div class=\"cfsFieldShell cfsField_text\" >\n    <label>T\u00e9l :<\/label><label><input type=\"text\" name=\"fields[Tel]\" value=\"\" data-name=\"Tel\" placeholder=\"Votre num\u00e9ro de t\u00e9l\u00e9phone\" \/><\/label>\n<\/div><\/div><\/div><div class=\"supRow cfsFieldsRow\"><div class=\"supSm12 cfsFieldCol\" data-name=\"email\" data-type=\"email\"><div class=\"cfsFieldShell cfsField_email\" >\n    <label>Email<\/label><label><input type=\"email\" name=\"fields[email]\" value=\"\" data-name=\"email\" required  placeholder=\"Information requise\" \/><\/label>\n<\/div><\/div><\/div><div class=\"supRow cfsFieldsRow\"><div class=\"supSm12 cfsFieldCol\" data-name=\"message\" data-type=\"textarea\"><div class=\"cfsFieldShell cfsField_textarea\" >\n    <label>Message<\/label><label><textarea name=\"fields[message]\" data-name=\"message\" required  placeholder=\"Information requise\" supRows=\"3\" cols=\"50\"><\/textarea><\/label>\n<\/div><\/div><\/div><div class=\"supRow cfsFieldsRow\"><div class=\"supSm12 cfsFieldCol\" data-name=\"htmldelim_2\" data-type=\"htmldelim\">Vous \u00eates int\u00e9ress\u00e9\u00a0par la formation continue :<\/div><\/div><div class=\"supRow cfsFieldsRow\"><div class=\"supSm12 cfsFieldCol\" data-name=\"formaconti\" data-type=\"checkboxlist\"><div class=\"cfsFieldShell cfsField_checkboxlist\" >\n    <label>S\u00e9lectionnez les formations souhait\u00e9es :<\/label><label><span class=\"cfsListSelect\"><table class=\"cfsCheckTbl\"><tr><td><input type=\"checkbox\" name=\"fields[formaconti][]\" value=\"n\u00b01\" data-name=\"formaconti\" id=\"cfsCheckRandId_68032\"  \/><\/td><td><label for=\"cfsCheckRandId_68032\">Soyez performant dans vos ventes (1404-A6-TT-1)<\/label><\/td><\/tr><tr><td><input type=\"checkbox\" name=\"fields[formaconti][]\" value=\"n\u00b02\" data-name=\"formaconti\" id=\"cfsCheckRandId_46943\"  \/><\/td><td><label for=\"cfsCheckRandId_46943\">Devenez vendeur d\u2019excellence (1404-A6-TT-2)<\/label><\/td><\/tr><tr><td><input type=\"checkbox\" name=\"fields[formaconti][]\" value=\"n\u00b05\" data-name=\"formaconti\" id=\"cfsCheckRandId_32879\"  \/><\/td><td><label for=\"cfsCheckRandId_32879\">Ma\u00eetrisez au quotidien votre temps (1404-A6-TT-5)<\/label><\/td><\/tr><tr><td><input type=\"checkbox\" name=\"fields[formaconti][]\" value=\"n\u00b06\" data-name=\"formaconti\" id=\"cfsCheckRandId_42128\"  \/><\/td><td><label for=\"cfsCheckRandId_42128\">Soyez le tuteur id\u00e9al (1404-A6-TT-6)<\/label><\/td><\/tr><tr><td><input type=\"checkbox\" name=\"fields[formaconti][]\" value=\"n\u00b07\" data-name=\"formaconti\" id=\"cfsCheckRandId_33543\"  \/><\/td><td><label for=\"cfsCheckRandId_33543\">Manager d\u2019atelier en action (1404-A6-TT-7)<\/label><\/td><\/tr><tr><td><input type=\"checkbox\" name=\"fields[formaconti][]\" value=\"n\u00b08\" data-name=\"formaconti\" id=\"cfsCheckRandId_20484\"  \/><\/td><td><label for=\"cfsCheckRandId_20484\">Performez votre magasin (1404-A6-TT-8)<\/label><\/td><\/tr><tr><td><input type=\"checkbox\" name=\"fields[formaconti][]\" value=\"n\u00b09\" data-name=\"formaconti\" id=\"cfsCheckRandId_42217\"  \/><\/td><td><label for=\"cfsCheckRandId_42217\">R\u00e9ussissez vos entretiens d\u2019\u00e9valuation (1404-A6-TT-9)<\/label><\/td><\/tr><tr><td><input type=\"checkbox\" name=\"fields[formaconti][]\" value=\"n\u00b010\" data-name=\"formaconti\" id=\"cfsCheckRandId_94944\"  \/><\/td><td><label for=\"cfsCheckRandId_94944\">Manager d\u2019atelier, pour aller plus loin (1404-A6-TT-10)<\/label><\/td><\/tr><tr><td><input type=\"checkbox\" name=\"fields[formaconti][]\" value=\"n\u00b011\" data-name=\"formaconti\" id=\"cfsCheckRandId_433\"  \/><\/td><td><label for=\"cfsCheckRandId_433\">Marketing strat\u00e9gique (1404-A6-TT-11)<\/label><\/td><\/tr><\/table><\/span><\/label>\n<\/div><\/div><\/div><div class=\"supRow cfsFieldsRow\"><div class=\"supSm12 cfsFieldCol\" data-name=\"htmldelim_3\" data-type=\"htmldelim\">Vous \u00eates int\u00e9ress\u00e9\u00a0par la formation en alternance :<\/div><\/div><div class=\"supRow cfsFieldsRow\"><div class=\"supSm12 cfsFieldCol\" data-name=\"cqp\" data-type=\"checkboxlist\"><div class=\"cfsFieldShell cfsField_checkboxlist\" >\n    <label>CQP Vendeur en mat\u00e9riels agricoles<\/label><label><span class=\"cfsListSelect\"><label for=\"cfsCheckRandId_70242\"><input type=\"checkbox\" name=\"fields[cqp][]\" value=\"n\u00b011\" data-name=\"cqp\" id=\"cfsCheckRandId_70242\"  \/>CQP Vendeur en mat\u00e9riels agricoles<\/label><\/span><\/label>\n<\/div><\/div><\/div><div class=\"supRow cfsFieldsRow\"><div class=\"supSm12 cfsFieldCol\" data-name=\"Profil\" data-type=\"radiobuttons\"><div class=\"cfsFieldShell cfsField_radiobuttons\" >\n    <label>Profil(s) :<\/label><label><span class=\"cfsListSelect\"><label for=\"cfsCheckRandId_1269\"><input type=\"radio\" name=\"fields[Profil]\" value=\"Jeune entrant\" data-name=\"Profil\" id=\"cfsCheckRandId_1269\" \/>Jeune entrant<\/label><label for=\"cfsCheckRandId_46194\"><input type=\"radio\" name=\"fields[Profil]\" value=\"Personnel en poste\" data-name=\"Profil\" id=\"cfsCheckRandId_46194\" \/>Personnel en poste<\/label><label for=\"cfsCheckRandId_8315\"><input type=\"radio\" name=\"fields[Profil]\" value=\"Reconvertion\" data-name=\"Profil\" id=\"cfsCheckRandId_8315\" \/>Reconversion<\/label><label for=\"cfsCheckRandId_95307\"><input type=\"radio\" name=\"fields[Profil]\" value=\"Demandeur d\u2019emploi\" data-name=\"Profil\" id=\"cfsCheckRandId_95307\" \/>Demandeur d\u2019emploi<\/label><\/span><\/label>\n<\/div><\/div><\/div><div class=\"supRow cfsFieldsRow\"><div class=\"supSm12 cfsFieldCol\" data-name=\"ageetdiplome\" data-type=\"textarea\"><div class=\"cfsFieldShell cfsField_textarea\" >\n    <label>Pr\u00e9cisez \u00e2ge et dipl\u00f4me(s) ou exp\u00e9rience professionnelle<\/label><label><textarea name=\"fields[ageetdiplome]\" data-name=\"ageetdiplome\" supRows=\"3\" cols=\"50\"><\/textarea><\/label>\n<\/div><\/div><\/div><div class=\"supRow cfsFieldsRow\"><div class=\"supSm6 cfsFieldCol\" data-name=\"capcha\" data-type=\"recaptcha\"><div class=\"cfsFieldShell cfsField_recaptcha\" >\n    <label>reCAPTCHA<\/label><label><div class=\"g-recaptcha\" data-sitekey=\"6LdAIQ8UAAAAAMDwneZoF3bvRCTKgzf0eNRCe38L\" data-theme=\"light\" data-type=\"audio\" data-size=\"normal\" ><\/div><\/label>\n<\/div><\/div><div class=\"supSm6 cfsFieldCol\" data-name=\"Envoyer\" data-type=\"submit\"><div class=\"cfsFieldShell cfsField_submit\" >\n    <label><\/label><input type=\"submit\" name=\"fields[Envoyer]\" value=\"Envoyer\" data-name=\"Envoyer\" \/>\n<\/div><\/div><\/div>\n<input type=\"hidden\" name=\"mod\" value=\"forms\"  \/><input type=\"hidden\" name=\"action\" value=\"contact\"  \/><input type=\"hidden\" name=\"id\" value=\"11\"  \/><input type=\"hidden\" name=\"_wpnonce\" value=\"ac9d3e0052\"  \/><div class=\"cfsContactMsg\"><\/div><\/form><img decoding=\"async\" class=\"cfsFormPreloadImg cfsFormPreloadImg_11_366342\" src=\"https:\/\/agrimedia.fr\/WP\/wp-content\/uploads\/2016\/12\/SAVpform-2-e1481994026202.jpg\" \/><\/div><span style=\"display: none !important;\" class=\"cfsFormDesc\">eyJpZCI6IjExIiwibGFiZWwiOiJmb3JtYXRpb25zIiwiYWN0aXZlIjoiMSIsIm9yaWdpbmFsX2lkIjoiNSIsInVuaXF1ZV9pZCI6ImJzbzE1aSIsInBhcmFtcyI6eyJlbmFibGVGb3JNZW1iZXJzaGlwIjoiMCIsInRwbCI6eyJ3aWR0aCI6IjEwMCIsIndpZHRoX21lYXN1cmUiOiIlIiwiYmdfdHlwZV8wIjoiaW1nIiwiYmdfaW1nXzAiOiJodHRwczpcL1wvYWdyaW1lZGlhLmZyXC9XUFwvd3AtY29udGVudFwvdXBsb2Fkc1wvMjAxNlwvMTJcL1NBVnBmb3JtLTItZTE0ODE5OTQwMjYyMDIuanBnIiwiYmdfY29sb3JfMCI6IiMzMzMzMzMiLCJiZ190eXBlXzEiOiJjb2xvciIsImJnX2ltZ18xIjoiIiwiYmdfY29sb3JfMSI6IiMzMzMzMzMiLCJiZ190eXBlXzIiOiJjb2xvciIsImJnX2ltZ18yIjoiIiwiYmdfY29sb3JfMiI6IiNmOTY5MGUiLCJiZ190eXBlXzMiOiJjb2xvciIsImJnX2ltZ18zIjoiIiwiYmdfY29sb3JfMyI6IiNkZDMzMzMiLCJmaWVsZF9lcnJvcl9pbnZhbGlkIjoiIiwiZm9ybV9zZW50X21zZyI6Ik1lcmNpLCB2b3RyZSBtYWlsIGVzdCBiaWVuIHBhcnRpLiBOb3VzIHZvdXMgY29udGFjdGVyb25zIGRhbnMgbGVzIHBsdXMgYnJlZnMgZFx1MDBlOWxhaXMuIiwiZm9ybV9zZW50X21zZ19jb2xvciI6IiM0YWU4ZWEiLCJoaWRlX29uX3N1Ym1pdCI6IjEiLCJyZWRpcmVjdF9vbl9zdWJtaXQiOiIiLCJ0ZXN0X2VtYWlsIjoibHJvdWFuLmFncmltZWRpYUB3YW5hZG9vLmZyIiwic2F2ZV9jb250YWN0cyI6IjEiLCJleHBfZGVsaW0iOiI7IiwiZmJfY29udmVydF9iYXNlIjoiIiwiZmllbGRfd3JhcHBlciI6IjxkaXYgZmllbGRfc2hlbGxfY2xhc3NlcyBmaWVsZF9zaGVsbF9zdHlsZXM+XHJcbiAgICA8bGFiZWw+W2xhYmVsXTxcL2xhYmVsPltmaWVsZF1cclxuPFwvZGl2PiJ9LCJmaWVsZHMiOlt7ImJzX2NsYXNzX2lkIjoiMTIiLCJuYW1lIjoiIiwibGFiZWwiOiIiLCJwbGFjZWhvbGRlciI6IiIsInZhbHVlIjoiQWZpbiBkZSByXHUwMGU5cG9uZHJlIGVmZmljYWNlbWVudFx1MDBhMFx1MDBlMCB2b3RyZSBkZW1hbmRlLFx1MDBhMG1lcmNpIGRlIG5vdXMgcHJcdTAwZTljaXNlciA6XHUwMGEwIiwiaHRtbCI6Imh0bWxkZWxpbSIsIm1hbmRhdG9yeSI6IjAiLCJhZGRfY2xhc3NlcyI6IiIsImFkZF9zdHlsZXMiOiIiLCJhZGRfYXR0ciI6IiJ9LHsiYnNfY2xhc3NfaWQiOiI2IiwibmFtZSI6IlByZW5vbSIsImxhYmVsIjoiVm90cmUgUHJcdTAwZTlub20iLCJwbGFjZWhvbGRlciI6IkluZm9ybWF0aW9uIHJlcXVpc2UiLCJ2YWx1ZSI6IiIsInZhbHVlX3ByZXNldCI6IiIsImh0bWwiOiJ0ZXh0IiwibWFuZGF0b3J5IjoiMSIsIm1pbl9zaXplIjoiIiwibWF4X3NpemUiOiIiLCJhZGRfY2xhc3NlcyI6IiIsImFkZF9zdHlsZXMiOiIiLCJhZGRfYXR0ciI6IiIsInZuX29ubHlfbnVtYmVyIjoiMCIsInZuX29ubHlfbGV0dGVycyI6IjAiLCJ2bl9wYXR0ZXJuIjoiMCIsInZuX2VxdWFsIjoiIn0seyJic19jbGFzc19pZCI6IjYiLCJuYW1lIjoiTm9tIiwibGFiZWwiOiJWb3RyZSBOb20iLCJwbGFjZWhvbGRlciI6IkluZm9ybWF0aW9uIHJlcXVpc2UiLCJ2YWx1ZSI6IiIsInZhbHVlX3ByZXNldCI6IiIsImh0bWwiOiJ0ZXh0IiwibWFuZGF0b3J5IjoiMCIsIm1pbl9zaXplIjoiIiwibWF4X3NpemUiOiIiLCJhZGRfY2xhc3NlcyI6IiIsImFkZF9zdHlsZXMiOiIiLCJhZGRfYXR0ciI6IiIsInZuX29ubHlfbnVtYmVyIjoiMCIsInZuX29ubHlfbGV0dGVycyI6IjAiLCJ2bl9wYXR0ZXJuIjoiMCIsInZuX2VxdWFsIjoiIn0seyJic19jbGFzc19pZCI6IjEyIiwibmFtZSI6IlRlbCIsImxhYmVsIjoiVFx1MDBlOWwgOiIsInBsYWNlaG9sZGVyIjoiVm90cmUgbnVtXHUwMGU5cm8gZGUgdFx1MDBlOWxcdTAwZTlwaG9uZSIsInZhbHVlIjoiIiwidmFsdWVfcHJlc2V0IjoiIiwiaHRtbCI6InRleHQiLCJtYW5kYXRvcnkiOiIwIiwibWluX3NpemUiOiIiLCJtYXhfc2l6ZSI6IiIsImFkZF9jbGFzc2VzIjoiIiwiYWRkX3N0eWxlcyI6IiIsImFkZF9hdHRyIjoiIiwidm5fb25seV9udW1iZXIiOiIwIiwidm5fb25seV9sZXR0ZXJzIjoiMCIsInZuX3BhdHRlcm4iOiIiLCJ2bl9lcXVhbCI6IiIsImljb25fY2xhc3MiOiIiLCJpY29uX3NpemUiOiIiLCJpY29uX2NvbG9yIjoiIiwidGVybXMiOiIifSx7ImJzX2NsYXNzX2lkIjoiMTIiLCJuYW1lIjoiZW1haWwiLCJsYWJlbCI6IkVtYWlsIiwicGxhY2Vob2xkZXIiOiJJbmZvcm1hdGlvbiByZXF1aXNlIiwidmFsdWUiOiIiLCJ2YWx1ZV9wcmVzZXQiOiIiLCJodG1sIjoiZW1haWwiLCJtYW5kYXRvcnkiOiIxIiwibWluX3NpemUiOiIiLCJtYXhfc2l6ZSI6IiIsImFkZF9jbGFzc2VzIjoiIiwiYWRkX3N0eWxlcyI6IiIsImFkZF9hdHRyIjoiIiwidm5fb25seV9udW1iZXIiOiIwIiwidm5fb25seV9sZXR0ZXJzIjoiMCIsInZuX3BhdHRlcm4iOiIwIiwidm5fZXF1YWwiOiIifSx7ImJzX2NsYXNzX2lkIjoiMTIiLCJuYW1lIjoibWVzc2FnZSIsImxhYmVsIjoiTWVzc2FnZSIsInBsYWNlaG9sZGVyIjoiSW5mb3JtYXRpb24gcmVxdWlzZSIsInZhbHVlIjoiIiwidmFsdWVfcHJlc2V0IjoiIiwiaHRtbCI6InRleHRhcmVhIiwibWFuZGF0b3J5IjoiMSIsIm1pbl9zaXplIjoiIiwibWF4X3NpemUiOiIiLCJhZGRfY2xhc3NlcyI6IiIsImFkZF9zdHlsZXMiOiIiLCJhZGRfYXR0ciI6IiIsInZuX29ubHlfbnVtYmVyIjoiMCIsInZuX29ubHlfbGV0dGVycyI6IjAiLCJ2bl9wYXR0ZXJuIjoiMCIsInZuX2VxdWFsIjoiIn0seyJic19jbGFzc19pZCI6IjEyIiwibmFtZSI6IiIsImxhYmVsIjoiIiwicGxhY2Vob2xkZXIiOiIiLCJ2YWx1ZSI6IlZvdXMgXHUwMGVhdGVzIGludFx1MDBlOXJlc3NcdTAwZTlcdTAwYTBwYXIgbGEgZm9ybWF0aW9uIGNvbnRpbnVlIDoiLCJodG1sIjoiaHRtbGRlbGltIiwibWFuZGF0b3J5IjoiMCIsImFkZF9jbGFzc2VzIjoiIiwiYWRkX3N0eWxlcyI6IiIsImFkZF9hdHRyIjoiIn0seyJic19jbGFzc19pZCI6IjEyIiwibmFtZSI6ImZvcm1hY29udGkiLCJsYWJlbCI6IlNcdTAwZTlsZWN0aW9ubmV6IGxlcyBmb3JtYXRpb25zIHNvdWhhaXRcdTAwZTllcyA6IiwidmFsdWUiOiIiLCJ2YWx1ZV9wcmVzZXQiOiIiLCJodG1sIjoiY2hlY2tib3hsaXN0IiwibWFuZGF0b3J5IjoiMCIsImxhYmVsX2RlbGltIjoiIiwiZGlzcGxheSI6ImNvbCIsImFkZF9jbGFzc2VzIjoiIiwiYWRkX3N0eWxlcyI6IiIsImFkZF9hdHRyIjoiIiwiaWNvbl9jbGFzcyI6IiIsImljb25fc2l6ZSI6IiIsImljb25fY29sb3IiOiIiLCJ0ZXJtcyI6IiIsIm9wdGlvbnMiOlt7Im5hbWUiOiJuXHUwMGIwMSIsImxhYmVsIjoiU295ZXogcGVyZm9ybWFudCBkYW5zIHZvcyB2ZW50ZXMgKDE0MDQtQTYtVFQtMSkifSx7Im5hbWUiOiJuXHUwMGIwMiIsImxhYmVsIjoiRGV2ZW5leiB2ZW5kZXVyIGRcdTIwMTlleGNlbGxlbmNlICgxNDA0LUE2LVRULTIpIn0seyJuYW1lIjoiblx1MDBiMDUiLCJsYWJlbCI6Ik1hXHUwMGVldHJpc2V6IGF1IHF1b3RpZGllbiB2b3RyZSB0ZW1wcyAoMTQwNC1BNi1UVC01KSJ9LHsibmFtZSI6Im5cdTAwYjA2IiwibGFiZWwiOiJTb3lleiBsZSB0dXRldXIgaWRcdTAwZTlhbCAoMTQwNC1BNi1UVC02KSJ9LHsibmFtZSI6Im5cdTAwYjA3IiwibGFiZWwiOiJNYW5hZ2VyIGRcdTIwMTlhdGVsaWVyIGVuIGFjdGlvbiAoMTQwNC1BNi1UVC03KSJ9LHsibmFtZSI6Im5cdTAwYjA4IiwibGFiZWwiOiJQZXJmb3JtZXogdm90cmUgbWFnYXNpbiAoMTQwNC1BNi1UVC04KSJ9LHsibmFtZSI6Im5cdTAwYjA5IiwibGFiZWwiOiJSXHUwMGU5dXNzaXNzZXogdm9zIGVudHJldGllbnMgZFx1MjAxOVx1MDBlOXZhbHVhdGlvbiAoMTQwNC1BNi1UVC05KSJ9LHsibmFtZSI6Im5cdTAwYjAxMCIsImxhYmVsIjoiTWFuYWdlciBkXHUyMDE5YXRlbGllciwgcG91ciBhbGxlciBwbHVzIGxvaW4gKDE0MDQtQTYtVFQtMTApIn0seyJuYW1lIjoiblx1MDBiMDExIiwibGFiZWwiOiJNYXJrZXRpbmcgc3RyYXRcdTAwZTlnaXF1ZSAoMTQwNC1BNi1UVC0xMSkifV19LHsiYnNfY2xhc3NfaWQiOiIxMiIsIm5hbWUiOiIiLCJsYWJlbCI6IiIsInBsYWNlaG9sZGVyIjoiIiwidmFsdWUiOiJWb3VzIFx1MDBlYXRlcyBpbnRcdTAwZTlyZXNzXHUwMGU5XHUwMGEwcGFyIGxhIGZvcm1hdGlvbiBlbiBhbHRlcm5hbmNlIDoiLCJodG1sIjoiaHRtbGRlbGltIiwibWFuZGF0b3J5IjoiMCIsImFkZF9jbGFzc2VzIjoiIiwiYWRkX3N0eWxlcyI6IiIsImFkZF9hdHRyIjoiIn0seyJic19jbGFzc19pZCI6IjEyIiwibmFtZSI6ImNxcCIsImxhYmVsIjoiQ1FQIFZlbmRldXIgZW4gbWF0XHUwMGU5cmllbHMgYWdyaWNvbGVzIiwidmFsdWUiOiIiLCJ2YWx1ZV9wcmVzZXQiOiIiLCJodG1sIjoiY2hlY2tib3hsaXN0IiwibWFuZGF0b3J5IjoiMCIsImxhYmVsX2RlbGltIjoiIiwiZGlzcGxheSI6InJvdyIsImFkZF9jbGFzc2VzIjoiIiwiYWRkX3N0eWxlcyI6IiIsImFkZF9hdHRyIjoiIiwiaWNvbl9jbGFzcyI6IiIsImljb25fc2l6ZSI6IiIsImljb25fY29sb3IiOiIiLCJ0ZXJtcyI6IiIsIm9wdGlvbnMiOlt7Im5hbWUiOiJuXHUwMGIwMTEiLCJsYWJlbCI6IkNRUCBWZW5kZXVyIGVuIG1hdFx1MDBlOXJpZWxzIGFncmljb2xlcyJ9XX0seyJic19jbGFzc19pZCI6IjEyIiwibmFtZSI6IlByb2ZpbCIsImxhYmVsIjoiUHJvZmlsKHMpIDoiLCJ2YWx1ZSI6IiIsInZhbHVlX3ByZXNldCI6IiIsImh0bWwiOiJyYWRpb2J1dHRvbnMiLCJtYW5kYXRvcnkiOiIwIiwibGFiZWxfZGVsaW0iOiIiLCJkaXNwbGF5Ijoicm93IiwiYWRkX2NsYXNzZXMiOiIiLCJhZGRfc3R5bGVzIjoiIiwiYWRkX2F0dHIiOiIiLCJpY29uX2NsYXNzIjoiIiwiaWNvbl9zaXplIjoiIiwiaWNvbl9jb2xvciI6IiIsInRlcm1zIjoiIiwib3B0aW9ucyI6W3sibmFtZSI6IkpldW5lIGVudHJhbnQiLCJsYWJlbCI6IkpldW5lIGVudHJhbnQifSx7Im5hbWUiOiJQZXJzb25uZWwgZW4gcG9zdGUiLCJsYWJlbCI6IlBlcnNvbm5lbCBlbiBwb3N0ZSJ9LHsibmFtZSI6IlJlY29udmVydGlvbiIsImxhYmVsIjoiUmVjb252ZXJzaW9uIn0seyJuYW1lIjoiRGVtYW5kZXVyIGRcdTIwMTllbXBsb2kiLCJsYWJlbCI6IkRlbWFuZGV1ciBkXHUyMDE5ZW1wbG9pIn1dfSx7ImJzX2NsYXNzX2lkIjoiMTIiLCJuYW1lIjoiYWdlZXRkaXBsb21lIiwibGFiZWwiOiJQclx1MDBlOWNpc2V6IFx1MDBlMmdlIGV0IGRpcGxcdTAwZjRtZShzKSBvdSBleHBcdTAwZTlyaWVuY2UgcHJvZmVzc2lvbm5lbGxlIiwicGxhY2Vob2xkZXIiOiIiLCJ2YWx1ZSI6IiIsInZhbHVlX3ByZXNldCI6IiIsImh0bWwiOiJ0ZXh0YXJlYSIsIm1hbmRhdG9yeSI6IjAiLCJtaW5fc2l6ZSI6IiIsIm1heF9zaXplIjoiIiwiYWRkX2NsYXNzZXMiOiIiLCJhZGRfc3R5bGVzIjoiIiwiYWRkX2F0dHIiOiIiLCJ2bl9vbmx5X251bWJlciI6IjAiLCJ2bl9vbmx5X2xldHRlcnMiOiIwIiwidm5fcGF0dGVybiI6IiIsInZuX2VxdWFsIjoiIn0seyJic19jbGFzc19pZCI6IjYiLCJuYW1lIjoiY2FwY2hhIiwibGFiZWwiOiJyZUNBUFRDSEEiLCJodG1sIjoicmVjYXB0Y2hhIiwicmVjYXAtdGhlbWUiOiJsaWdodCIsInJlY2FwLXR5cGUiOiJhdWRpbyIsInJlY2FwLXNpemUiOiJub3JtYWwifSx7ImJzX2NsYXNzX2lkIjoiNiIsIm5hbWUiOiJFbnZveWVyIiwibGFiZWwiOiJFbnZveWVyIiwiaHRtbCI6InN1Ym1pdCIsImFkZF9jbGFzc2VzIjoiIiwiYWRkX3N0eWxlcyI6IiIsImFkZF9hdHRyIjoiIn1dLCJvcHRzX2F0dHJzIjp7ImJnX251bWJlciI6IjQifX0sImltZ19wcmV2aWV3IjoidGVhLXRpbWUucG5nIiwidmlld3MiOiI4ODUiLCJ1bmlxdWVfdmlld3MiOiI2MDgiLCJhY3Rpb25zIjoiNDgiLCJzb3J0X29yZGVyIjoiMTAiLCJpc19wcm8iOiIwIiwiYWJfaWQiOiIwIiwiZGF0ZV9jcmVhdGVkIjoiMjAxNi0wNS0wMyAxNTowMTowMyIsImltZ19wcmV2aWV3X3VybCI6Imh0dHBzOlwvXC9hZ3JpbWVkaWEuZnJcL1dQXC93cC1jb250ZW50XC9wbHVnaW5zXC9jb250YWN0LWZvcm0tYnktc3Vwc3lzdGljXC9hc3NldHNcL2Zvcm1zXC9pbWdcL3ByZXZpZXdcL3RlYS10aW1lLnBuZyIsInZpZXdfaWQiOiIxMV8zNjYzNDIiLCJ2aWV3X2h0bWxfaWQiOiJjc3BGb3JtU2hlbGxfMTFfMzY2MzQyIiwiY29ubmVjdF9oYXNoIjoiMTdkZDgzNDVhZWRjOTMzYWIyM2M0M2I2MDMyODNjZjEifQ==<\/span><\/p>\n<p><iframe loading=\"lazy\" style=\"border: 0;\" src=\"https:\/\/www.google.com\/maps\/embed?pb=!1m14!1m8!1m3!1d5656.951081851254!2d0.47640000000000004!3d44.852613!3m2!1i1024!2i768!4f13.1!3m3!1m2!1s0x0%3A0x428a4f9f1be3978f!2sAgrim%C3%A9dia!5e0!3m2!1sfr!2sfr!4v1481897206724\" width=\"100%\" height=\"400\" frameborder=\"0\" allowfullscreen=\"allowfullscreen\"><\/iframe><\/p>\n<h3 style=\"text-align: center;\">ADRESSE DE CONTACT<\/h3>\n<h3 style=\"text-align: center;\">Agrim\u00e9dia &#8211;\u00a0Place Maurice Loupias &#8211; BP 508<br \/>\n24105 Bergerac cedex<\/h3>\n<h3 style=\"text-align: center;\">T\u00e9l : 05 53 61 65 88<\/h3>\n<h4 style=\"text-align: center;\"><\/h4>\n","protected":false},"excerpt":{"rendered":"<p style=\"text-align: center;\">\n<\/p>\n<p>ADRESSE DE CONTACT<br \/>\nAgrim\u00e9dia &#8211;\u00a0Place Maurice Loupias &#8211; BP 508<br \/>\n24105 Bergerac cedex<br \/>\nT\u00e9l : 05 53 61 65 88<span class=\"ellipsis\">&hellip;<\/span><\/p>\n<div class=\"read-more\"><a href=\"https:\/\/agrimedia.fr\/WP\/contact\/\">Lire la suite &#8250;<\/a><\/div>\n<p><!-- end of .read-more --><\/p>\n","protected":false},"author":3,"featured_media":0,"parent":0,"menu_order":0,"comment_status":"closed","ping_status":"closed","template":"","meta":{"footnotes":""},"class_list":["post-151","page","type-page","status-publish","hentry"],"yoast_head":"<!-- This site is optimized with the Yoast SEO plugin v27.3 - https:\/\/yoast.com\/product\/yoast-seo-wordpress\/ -->\n<title>CONTACT - Cr\u00e9er efficience et performance<\/title>\n<meta name=\"robots\" content=\"index, follow, max-snippet:-1, max-image-preview:large, max-video-preview:-1\" \/>\n<link rel=\"canonical\" href=\"https:\/\/agrimedia.fr\/WP\/contact\/\" \/>\n<meta property=\"og:locale\" content=\"fr_FR\" \/>\n<meta property=\"og:type\" content=\"article\" \/>\n<meta property=\"og:title\" content=\"CONTACT - Cr\u00e9er efficience et performance\" \/>\n<meta property=\"og:description\" content=\"ADRESSE DE CONTACT Agrim\u00e9dia &#8211;\u00a0Place Maurice Loupias &#8211; BP 508 24105 Bergerac cedex T\u00e9l : 05 53 61 65 88&hellip;Lire la suite &#8250;\" \/>\n<meta property=\"og:url\" content=\"https:\/\/agrimedia.fr\/WP\/contact\/\" \/>\n<meta property=\"og:site_name\" content=\"Cr\u00e9er efficience et performance\" \/>\n<meta property=\"article:modified_time\" content=\"2021-11-25T14:40:39+00:00\" \/>\n<meta name=\"twitter:label1\" content=\"Dur\u00e9e de lecture estim\u00e9e\" \/>\n\t<meta name=\"twitter:data1\" content=\"1 minute\" \/>\n<script type=\"application\/ld+json\" class=\"yoast-schema-graph\">{\"@context\":\"https:\\\/\\\/schema.org\",\"@graph\":[{\"@type\":\"WebPage\",\"@id\":\"https:\\\/\\\/agrimedia.fr\\\/WP\\\/contact\\\/\",\"url\":\"https:\\\/\\\/agrimedia.fr\\\/WP\\\/contact\\\/\",\"name\":\"CONTACT - Cr\u00e9er efficience et performance\",\"isPartOf\":{\"@id\":\"https:\\\/\\\/agrimedia.fr\\\/WP\\\/#website\"},\"datePublished\":\"2016-11-20T21:09:42+00:00\",\"dateModified\":\"2021-11-25T14:40:39+00:00\",\"breadcrumb\":{\"@id\":\"https:\\\/\\\/agrimedia.fr\\\/WP\\\/contact\\\/#breadcrumb\"},\"inLanguage\":\"fr-FR\",\"potentialAction\":[{\"@type\":\"ReadAction\",\"target\":[\"https:\\\/\\\/agrimedia.fr\\\/WP\\\/contact\\\/\"]}]},{\"@type\":\"BreadcrumbList\",\"@id\":\"https:\\\/\\\/agrimedia.fr\\\/WP\\\/contact\\\/#breadcrumb\",\"itemListElement\":[{\"@type\":\"ListItem\",\"position\":1,\"name\":\"Accueil\",\"item\":\"https:\\\/\\\/agrimedia.fr\\\/WP\\\/\"},{\"@type\":\"ListItem\",\"position\":2,\"name\":\"CONTACT\"}]},{\"@type\":\"WebSite\",\"@id\":\"https:\\\/\\\/agrimedia.fr\\\/WP\\\/#website\",\"url\":\"https:\\\/\\\/agrimedia.fr\\\/WP\\\/\",\"name\":\"Cr\u00e9er efficience et performance\",\"description\":\"\",\"potentialAction\":[{\"@type\":\"SearchAction\",\"target\":{\"@type\":\"EntryPoint\",\"urlTemplate\":\"https:\\\/\\\/agrimedia.fr\\\/WP\\\/?s={search_term_string}\"},\"query-input\":{\"@type\":\"PropertyValueSpecification\",\"valueRequired\":true,\"valueName\":\"search_term_string\"}}],\"inLanguage\":\"fr-FR\"}]}<\/script>\n<!-- \/ Yoast SEO plugin. -->","yoast_head_json":{"title":"CONTACT - Cr\u00e9er efficience et performance","robots":{"index":"index","follow":"follow","max-snippet":"max-snippet:-1","max-image-preview":"max-image-preview:large","max-video-preview":"max-video-preview:-1"},"canonical":"https:\/\/agrimedia.fr\/WP\/contact\/","og_locale":"fr_FR","og_type":"article","og_title":"CONTACT - Cr\u00e9er efficience et performance","og_description":"ADRESSE DE CONTACT Agrim\u00e9dia &#8211;\u00a0Place Maurice Loupias &#8211; BP 508 24105 Bergerac cedex T\u00e9l : 05 53 61 65 88&hellip;Lire la suite &#8250;","og_url":"https:\/\/agrimedia.fr\/WP\/contact\/","og_site_name":"Cr\u00e9er efficience et performance","article_modified_time":"2021-11-25T14:40:39+00:00","twitter_misc":{"Dur\u00e9e de lecture estim\u00e9e":"1 minute"},"schema":{"@context":"https:\/\/schema.org","@graph":[{"@type":"WebPage","@id":"https:\/\/agrimedia.fr\/WP\/contact\/","url":"https:\/\/agrimedia.fr\/WP\/contact\/","name":"CONTACT - Cr\u00e9er efficience et performance","isPartOf":{"@id":"https:\/\/agrimedia.fr\/WP\/#website"},"datePublished":"2016-11-20T21:09:42+00:00","dateModified":"2021-11-25T14:40:39+00:00","breadcrumb":{"@id":"https:\/\/agrimedia.fr\/WP\/contact\/#breadcrumb"},"inLanguage":"fr-FR","potentialAction":[{"@type":"ReadAction","target":["https:\/\/agrimedia.fr\/WP\/contact\/"]}]},{"@type":"BreadcrumbList","@id":"https:\/\/agrimedia.fr\/WP\/contact\/#breadcrumb","itemListElement":[{"@type":"ListItem","position":1,"name":"Accueil","item":"https:\/\/agrimedia.fr\/WP\/"},{"@type":"ListItem","position":2,"name":"CONTACT"}]},{"@type":"WebSite","@id":"https:\/\/agrimedia.fr\/WP\/#website","url":"https:\/\/agrimedia.fr\/WP\/","name":"Cr\u00e9er efficience et performance","description":"","potentialAction":[{"@type":"SearchAction","target":{"@type":"EntryPoint","urlTemplate":"https:\/\/agrimedia.fr\/WP\/?s={search_term_string}"},"query-input":{"@type":"PropertyValueSpecification","valueRequired":true,"valueName":"search_term_string"}}],"inLanguage":"fr-FR"}]}},"_links":{"self":[{"href":"https:\/\/agrimedia.fr\/WP\/wp-json\/wp\/v2\/pages\/151","targetHints":{"allow":["GET"]}}],"collection":[{"href":"https:\/\/agrimedia.fr\/WP\/wp-json\/wp\/v2\/pages"}],"about":[{"href":"https:\/\/agrimedia.fr\/WP\/wp-json\/wp\/v2\/types\/page"}],"author":[{"embeddable":true,"href":"https:\/\/agrimedia.fr\/WP\/wp-json\/wp\/v2\/users\/3"}],"replies":[{"embeddable":true,"href":"https:\/\/agrimedia.fr\/WP\/wp-json\/wp\/v2\/comments?post=151"}],"version-history":[{"count":32,"href":"https:\/\/agrimedia.fr\/WP\/wp-json\/wp\/v2\/pages\/151\/revisions"}],"predecessor-version":[{"id":907,"href":"https:\/\/agrimedia.fr\/WP\/wp-json\/wp\/v2\/pages\/151\/revisions\/907"}],"wp:attachment":[{"href":"https:\/\/agrimedia.fr\/WP\/wp-json\/wp\/v2\/media?parent=151"}],"curies":[{"name":"wp","href":"https:\/\/api.w.org\/{rel}","templated":true}]}}