{"id":381,"date":"2016-12-19T11:25:01","date_gmt":"2016-12-19T10:25:01","guid":{"rendered":"http:\/\/agrimedia.fr\/WP\/?page_id=381"},"modified":"2022-09-03T11:15:06","modified_gmt":"2022-09-03T10:15:06","slug":"n6-manager-datelier-aller-plus-loin","status":"publish","type":"page","link":"https:\/\/agrimedia.fr\/WP\/formation-continue-2017\/n6-manager-datelier-aller-plus-loin\/","title":{"rendered":"1404-A6-TT-10 Manager d\u2019atelier, pour aller plus loin"},"content":{"rendered":"<p style=\"text-align: center;\"><div class=\"_df_book df-lite\" id=\"df_998\"  _slug=\"10-manager-datelier-pour-aller-plus-loin\" data-title=\"10-manager-datelier-pour-aller-plus-loin\" wpoptions=\"true\" thumbtype=\"\" ><\/div><script class=\"df-shortcode-script\" nowprocket type=\"application\/javascript\">window.option_df_998 = {\"outline\":[],\"backgroundColor\":\"rgba (249, 245, 245, 0.49)\",\"autoEnableOutline\":\"false\",\"autoEnableThumbnail\":\"false\",\"overwritePDFOutline\":\"false\",\"direction\":\"1\",\"pageSize\":\"0\",\"source\":\"https:\\\/\\\/agrimedia.fr\\\/WP\\\/wp-content\\\/uploads\\\/2024\\\/12\\\/1404-A6-TT-10-Manager-datelier-pour-aller-plus-loin.pdf\",\"wpOptions\":\"true\"}; if(window.DFLIP && window.DFLIP.parseBooks){window.DFLIP.parseBooks();}<\/script><\/p>\n","protected":false},"excerpt":{"rendered":"<p style=\"text-align: center;\">\n<p><span class=\"ellipsis\">&hellip;<\/span><\/p>\n<div class=\"read-more\"><a href=\"https:\/\/agrimedia.fr\/WP\/formation-continue-2017\/n6-manager-datelier-aller-plus-loin\/\">Lire la suite &#8250;<\/a><\/div>\n<p><!-- end of .read-more --><\/p>\n","protected":false},"author":3,"featured_media":0,"parent":48,"menu_order":0,"comment_status":"closed","ping_status":"closed","template":"","meta":{"footnotes":""},"class_list":["post-381","page","type-page","status-publish","hentry"],"yoast_head":"<!-- This site is optimized with the Yoast SEO plugin v27.3 - https:\/\/yoast.com\/product\/yoast-seo-wordpress\/ -->\n<title>1404-A6-TT-10 Manager d\u2019atelier, pour aller plus loin - Cr\u00e9er efficience et performance<\/title>\n<meta name=\"robots\" content=\"index, follow, max-snippet:-1, max-image-preview:large, max-video-preview:-1\" \/>\n<link rel=\"canonical\" href=\"https:\/\/agrimedia.fr\/WP\/formation-continue-2017\/n6-manager-datelier-aller-plus-loin\/\" \/>\n<meta property=\"og:locale\" content=\"fr_FR\" \/>\n<meta property=\"og:type\" content=\"article\" \/>\n<meta property=\"og:title\" content=\"1404-A6-TT-10 Manager d\u2019atelier, pour aller plus loin - Cr\u00e9er efficience et performance\" \/>\n<meta property=\"og:description\" content=\"&hellip;Lire la suite &#8250;\" \/>\n<meta property=\"og:url\" content=\"https:\/\/agrimedia.fr\/WP\/formation-continue-2017\/n6-manager-datelier-aller-plus-loin\/\" \/>\n<meta property=\"og:site_name\" content=\"Cr\u00e9er efficience et performance\" \/>\n<meta property=\"article:modified_time\" content=\"2022-09-03T10:15:06+00:00\" \/>\n<meta name=\"twitter:label1\" content=\"Dur\u00e9e de lecture estim\u00e9e\" \/>\n\t<meta name=\"twitter:data1\" content=\"1 minute\" \/>\n<script type=\"application\/ld+json\" class=\"yoast-schema-graph\">{\"@context\":\"https:\\\/\\\/schema.org\",\"@graph\":[{\"@type\":\"WebPage\",\"@id\":\"https:\\\/\\\/agrimedia.fr\\\/WP\\\/formation-continue-2017\\\/n6-manager-datelier-aller-plus-loin\\\/\",\"url\":\"https:\\\/\\\/agrimedia.fr\\\/WP\\\/formation-continue-2017\\\/n6-manager-datelier-aller-plus-loin\\\/\",\"name\":\"1404-A6-TT-10 Manager d\u2019atelier, pour aller plus loin - Cr\u00e9er efficience et performance\",\"isPartOf\":{\"@id\":\"https:\\\/\\\/agrimedia.fr\\\/WP\\\/#website\"},\"datePublished\":\"2016-12-19T10:25:01+00:00\",\"dateModified\":\"2022-09-03T10:15:06+00:00\",\"breadcrumb\":{\"@id\":\"https:\\\/\\\/agrimedia.fr\\\/WP\\\/formation-continue-2017\\\/n6-manager-datelier-aller-plus-loin\\\/#breadcrumb\"},\"inLanguage\":\"fr-FR\",\"potentialAction\":[{\"@type\":\"ReadAction\",\"target\":[\"https:\\\/\\\/agrimedia.fr\\\/WP\\\/formation-continue-2017\\\/n6-manager-datelier-aller-plus-loin\\\/\"]}]},{\"@type\":\"BreadcrumbList\",\"@id\":\"https:\\\/\\\/agrimedia.fr\\\/WP\\\/formation-continue-2017\\\/n6-manager-datelier-aller-plus-loin\\\/#breadcrumb\",\"itemListElement\":[{\"@type\":\"ListItem\",\"position\":1,\"name\":\"Accueil\",\"item\":\"https:\\\/\\\/agrimedia.fr\\\/WP\\\/\"},{\"@type\":\"ListItem\",\"position\":2,\"name\":\"FORMATIONS 2026\",\"item\":\"https:\\\/\\\/agrimedia.fr\\\/WP\\\/formation-continue-2017\\\/\"},{\"@type\":\"ListItem\",\"position\":3,\"name\":\"1404-A6-TT-10 Manager d\u2019atelier, pour aller plus loin\"}]},{\"@type\":\"WebSite\",\"@id\":\"https:\\\/\\\/agrimedia.fr\\\/WP\\\/#website\",\"url\":\"https:\\\/\\\/agrimedia.fr\\\/WP\\\/\",\"name\":\"Cr\u00e9er efficience et performance\",\"description\":\"\",\"potentialAction\":[{\"@type\":\"SearchAction\",\"target\":{\"@type\":\"EntryPoint\",\"urlTemplate\":\"https:\\\/\\\/agrimedia.fr\\\/WP\\\/?s={search_term_string}\"},\"query-input\":{\"@type\":\"PropertyValueSpecification\",\"valueRequired\":true,\"valueName\":\"search_term_string\"}}],\"inLanguage\":\"fr-FR\"}]}<\/script>\n<!-- \/ Yoast SEO plugin. -->","yoast_head_json":{"title":"1404-A6-TT-10 Manager d\u2019atelier, pour aller plus loin - Cr\u00e9er efficience et performance","robots":{"index":"index","follow":"follow","max-snippet":"max-snippet:-1","max-image-preview":"max-image-preview:large","max-video-preview":"max-video-preview:-1"},"canonical":"https:\/\/agrimedia.fr\/WP\/formation-continue-2017\/n6-manager-datelier-aller-plus-loin\/","og_locale":"fr_FR","og_type":"article","og_title":"1404-A6-TT-10 Manager d\u2019atelier, pour aller plus loin - Cr\u00e9er efficience et performance","og_description":"&hellip;Lire la suite &#8250;","og_url":"https:\/\/agrimedia.fr\/WP\/formation-continue-2017\/n6-manager-datelier-aller-plus-loin\/","og_site_name":"Cr\u00e9er efficience et performance","article_modified_time":"2022-09-03T10:15:06+00:00","twitter_misc":{"Dur\u00e9e de lecture estim\u00e9e":"1 minute"},"schema":{"@context":"https:\/\/schema.org","@graph":[{"@type":"WebPage","@id":"https:\/\/agrimedia.fr\/WP\/formation-continue-2017\/n6-manager-datelier-aller-plus-loin\/","url":"https:\/\/agrimedia.fr\/WP\/formation-continue-2017\/n6-manager-datelier-aller-plus-loin\/","name":"1404-A6-TT-10 Manager d\u2019atelier, pour aller plus loin - Cr\u00e9er efficience et performance","isPartOf":{"@id":"https:\/\/agrimedia.fr\/WP\/#website"},"datePublished":"2016-12-19T10:25:01+00:00","dateModified":"2022-09-03T10:15:06+00:00","breadcrumb":{"@id":"https:\/\/agrimedia.fr\/WP\/formation-continue-2017\/n6-manager-datelier-aller-plus-loin\/#breadcrumb"},"inLanguage":"fr-FR","potentialAction":[{"@type":"ReadAction","target":["https:\/\/agrimedia.fr\/WP\/formation-continue-2017\/n6-manager-datelier-aller-plus-loin\/"]}]},{"@type":"BreadcrumbList","@id":"https:\/\/agrimedia.fr\/WP\/formation-continue-2017\/n6-manager-datelier-aller-plus-loin\/#breadcrumb","itemListElement":[{"@type":"ListItem","position":1,"name":"Accueil","item":"https:\/\/agrimedia.fr\/WP\/"},{"@type":"ListItem","position":2,"name":"FORMATIONS 2026","item":"https:\/\/agrimedia.fr\/WP\/formation-continue-2017\/"},{"@type":"ListItem","position":3,"name":"1404-A6-TT-10 Manager d\u2019atelier, pour aller plus loin"}]},{"@type":"WebSite","@id":"https:\/\/agrimedia.fr\/WP\/#website","url":"https:\/\/agrimedia.fr\/WP\/","name":"Cr\u00e9er efficience et performance","description":"","potentialAction":[{"@type":"SearchAction","target":{"@type":"EntryPoint","urlTemplate":"https:\/\/agrimedia.fr\/WP\/?s={search_term_string}"},"query-input":{"@type":"PropertyValueSpecification","valueRequired":true,"valueName":"search_term_string"}}],"inLanguage":"fr-FR"}]}},"_links":{"self":[{"href":"https:\/\/agrimedia.fr\/WP\/wp-json\/wp\/v2\/pages\/381","targetHints":{"allow":["GET"]}}],"collection":[{"href":"https:\/\/agrimedia.fr\/WP\/wp-json\/wp\/v2\/pages"}],"about":[{"href":"https:\/\/agrimedia.fr\/WP\/wp-json\/wp\/v2\/types\/page"}],"author":[{"embeddable":true,"href":"https:\/\/agrimedia.fr\/WP\/wp-json\/wp\/v2\/users\/3"}],"replies":[{"embeddable":true,"href":"https:\/\/agrimedia.fr\/WP\/wp-json\/wp\/v2\/comments?post=381"}],"version-history":[{"count":21,"href":"https:\/\/agrimedia.fr\/WP\/wp-json\/wp\/v2\/pages\/381\/revisions"}],"predecessor-version":[{"id":1174,"href":"https:\/\/agrimedia.fr\/WP\/wp-json\/wp\/v2\/pages\/381\/revisions\/1174"}],"up":[{"embeddable":true,"href":"https:\/\/agrimedia.fr\/WP\/wp-json\/wp\/v2\/pages\/48"}],"wp:attachment":[{"href":"https:\/\/agrimedia.fr\/WP\/wp-json\/wp\/v2\/media?parent=381"}],"curies":[{"name":"wp","href":"https:\/\/api.w.org\/{rel}","templated":true}]}}